{"id":1931,"date":"2024-10-01T08:56:03","date_gmt":"2024-10-01T08:56:03","guid":{"rendered":"http:\/\/ecrireetpluscom.wordpress.com\/?page_id=1"},"modified":"2026-03-30T15:53:52","modified_gmt":"2026-03-30T15:53:52","slug":"suivi-graphopedagogie-le-plaisir-decrire","status":"publish","type":"page","link":"https:\/\/ecrireetplus.com\/?page_id=1931","title":{"rendered":"L&rsquo;accompagnement en graphop\u00e9dagogie"},"content":{"rendered":"\n<figure class=\"wp-block-embed is-type-video is-provider-youtube wp-block-embed-youtube wp-embed-aspect-16-9 wp-has-aspect-ratio\"><div class=\"wp-block-embed__wrapper\">\n<div class=\"jetpack-video-wrapper\"><iframe loading=\"lazy\" title=\"La graphop\u00e9dagogie\" width=\"685\" height=\"385\" src=\"https:\/\/www.youtube.com\/embed\/ssvaExsWvmA?feature=oembed\" frameborder=\"0\" allow=\"accelerometer; autoplay; clipboard-write; encrypted-media; gyroscope; picture-in-picture; web-share\" referrerpolicy=\"strict-origin-when-cross-origin\" allowfullscreen><\/iframe><\/div>\n<\/div><\/figure>\n\n\n\n<p class=\"has-text-align-right\" id=\"suivi-s\u00e9ances-r\u00e9\u00e9ducation\" style=\"font-size:12px\">D\u00e9finition de la graphop\u00e9dagogie sur le site Wikip\u00e9dia : <a href=\"https:\/\/fr.wikipedia.org\/wiki\/Graphop\u00e9dagogie\">https:\/\/fr.wikipedia.org\/wiki\/Graphop\u00e9dagogie<\/a><\/p>\n\n\n\n<h2 class=\"wp-block-heading has-text-color has-link-color wp-elements-31438e502933c6e9d9f6a51fb43e1a8a\" style=\"color:#6408b9;font-size:22px;text-transform:none\">Comment se d\u00e9roule le suivi ?<\/h2>\n\n\n\n<p class=\"has-small-font-size\" id=\"graphop\u00e9dagogie-suivi\"><span style=\"font-size: medium\">Une s\u00e9ance de <a href=\"https:\/\/fr.wikipedia.org\/wiki\/Graphop\u00e9dagogie\">graphop\u00e9dagogie<\/a> ou r\u00e9\u00e9ducation de l&rsquo;\u00e9criture est un accompagnement personnalis\u00e9 pour aider \u00e0 am\u00e9liorer l\u2019\u00e9criture, qu\u2019il s\u2019agisse de la lisibilit\u00e9, de la fluidit\u00e9 ou du confort. Elle dure entre 45 minutes et 1 heure. Les plus jeunes sont syst\u00e9matiquement accompagn\u00e9s d&rsquo;un parent ou d&rsquo;un proche. Les s\u00e9ances sont g\u00e9n\u00e9ralement espac\u00e9es de 3 \u00e0 4 semaines.<\/span><\/p>\n\n\n\n<h2 class=\"wp-block-heading has-text-color has-link-color wp-elements-fb2117a7e28afc2b13fae0389322a6c2\" id=\"s\u00e9ance-graphop\u00e9dagogie-suivi\" style=\"color:#6408b9;font-size:22px;text-transform:none\">Comment se d\u00e9roule une s\u00e9ance ? <\/h2>\n\n\n\n<p id=\"suvi-s\u00e9ance-graphop\u00e9dagogie\" style=\"font-size:16px;font-style:normal;font-weight:300\">Lors d\u2019une s\u00e9ance de  <strong>graphop\u00e9dagogie<\/strong>, l\u2019\u00e9l\u00e8ve commence par exprimer ses <strong>besoins sp\u00e9cifiques<\/strong>, seul ou accompagn\u00e9 d\u2019un parent ou d\u2019un r\u00e9f\u00e9rent si n\u00e9cessaire. Dans un second temps, je propose des <strong>exercices personnalis\u00e9s<\/strong>, adapt\u00e9s \u00e0 l\u2019\u00e2ge, au niveau et aux objectifs de l\u2019\u00e9l\u00e8ve. Je les ajuste progressivement en fonction de son \u00e9volution. Par ailleurs, les activit\u00e9s sont <strong>majoritairement ludiques<\/strong>, en particulier pour les enfants, afin de renforcer <strong>la motivation, l\u2019engagement<\/strong> et  <strong>la qualit\u00e9 des apprentissages<\/strong>.<\/p>\n\n\n\n<p id=\"suvi-s\u00e9ance-graphop\u00e9dagogie\" style=\"font-size:16px\">Entre les deux s\u00e9ances, les exercices doivent \u00eatre <strong>pratiqu\u00e9s quotidiennement \u00e0 la maison<\/strong>. Cette r\u00e9gularit\u00e9 permet de <strong>consolider durablement les acquis<\/strong>. Enfin, la <strong>progression p\u00e9dagogique personnalis\u00e9e<\/strong> s\u2019adapte en permanence au <strong>rythme d\u2019apprentissage<\/strong> et aux <strong>besoins sp\u00e9cifiques de chaque \u00e9l\u00e8ve<\/strong>, afin de garantir un <strong>accompagnement efficace et individualis\u00e9<\/strong>.<\/p>\n\n\n\n<div class=\"wp-block-jetpack-slideshow aligncenter\" data-effect=\"fade\" style=\"--aspect-ratio:calc(685 \/ 913)\"><div class=\"wp-block-jetpack-slideshow_container swiper\"><ul class=\"wp-block-jetpack-slideshow_swiper-wrapper swiper-wrapper\"><li class=\"wp-block-jetpack-slideshow_slide swiper-slide\"><figure><img decoding=\"async\" alt=\"\" class=\"wp-block-jetpack-slideshow_image wp-image-1934\" data-id=\"1934\" data-aspect-ratio=\"685 \/ 913\" src=\"http:\/\/ecrireetplus.com\/wp-content\/uploads\/2025\/08\/monstre-copie-1.jpeg?w=685\"\/><figcaption class=\"wp-block-jetpack-slideshow_caption gallery-caption\">Le monstre glouton<\/figcaption><\/figure><\/li><li class=\"wp-block-jetpack-slideshow_slide swiper-slide\"><figure><img decoding=\"async\" alt=\"\" class=\"wp-block-jetpack-slideshow_image wp-image-1935\" data-id=\"1935\" data-aspect-ratio=\"685 \/ 913\" src=\"http:\/\/ecrireetplus.com\/wp-content\/uploads\/2025\/08\/f3_1-copie-1.jpeg?w=685\"\/><figcaption class=\"wp-block-jetpack-slideshow_caption gallery-caption\">Vers les premiers mots<\/figcaption><\/figure><\/li><li class=\"wp-block-jetpack-slideshow_slide swiper-slide\"><figure><img decoding=\"async\" alt=\"\" class=\"wp-block-jetpack-slideshow_image wp-image-1936\" data-id=\"1936\" data-aspect-ratio=\"685 \/ 913\" src=\"http:\/\/ecrireetplus.com\/wp-content\/uploads\/2025\/08\/a.jpg?w=685\"\/><figcaption class=\"wp-block-jetpack-slideshow_caption gallery-caption\">La fl\u00e9chette<\/figcaption><\/figure><\/li><li class=\"wp-block-jetpack-slideshow_slide swiper-slide\"><figure><img decoding=\"async\" alt=\"\" class=\"wp-block-jetpack-slideshow_image wp-image-1937\" data-id=\"1937\" data-aspect-ratio=\"685 \/ 913\" src=\"http:\/\/ecrireetplus.com\/wp-content\/uploads\/2025\/08\/vh_s4phrase-copie.jpeg?w=685\"\/><figcaption class=\"wp-block-jetpack-slideshow_caption gallery-caption\">strat\u00e9gies de copie<\/figcaption><\/figure><\/li><\/ul><a class=\"wp-block-jetpack-slideshow_button-prev swiper-button-prev swiper-button-white\" role=\"button\"><\/a><a class=\"wp-block-jetpack-slideshow_button-next swiper-button-next swiper-button-white\" role=\"button\"><\/a><a aria-label=\"Pause Slideshow\" class=\"wp-block-jetpack-slideshow_button-pause\" role=\"button\"><\/a><div class=\"wp-block-jetpack-slideshow_pagination swiper-pagination swiper-pagination-white\"><\/div><\/div><\/div>\n\n\n\n<h2 class=\"wp-block-heading has-text-color has-link-color wp-elements-15127871f3c63ba29a1b53b7af0f00eb\" style=\"color:#6408b9;font-size:22px;text-transform:none\">\u00c0 quels r\u00e9sultat puis-je m&rsquo;attendre ? <\/h2>\n\n\n\n<p id=\"suivi-questions\" style=\"font-size:16px\"><span style=\"font-size: medium\">L&rsquo;objectif est toujours de rendre l&rsquo;\u00e9criture plus fluide, lisible et agr\u00e9able, tout en respectant le rythme, les capacit\u00e9s et les souhaits de chacun.<\/span><\/p>\n\n\n\n<div class=\"wp-block-buttons is-layout-flex wp-block-buttons-is-layout-flex\">\n<div class=\"wp-block-button\"><a class=\"wp-block-button__link has-white-color has-vivid-purple-background-color has-text-color has-background has-link-color has-custom-font-size wp-element-button\" href=\"https:\/\/ecrireetplus.com\/?page_id=1484\" style=\"font-size:16px\">Prendre rendez-vous \u00e0 La Rochelle<\/a><\/div>\n<\/div>\n\n\n\n<p><\/p>\n","protected":false},"excerpt":{"rendered":"<p>D\u00e9finition de la graphop\u00e9dagogie sur le site Wikip\u00e9dia : https:\/\/fr.wikipedia.org\/wiki\/Graphop\u00e9dagogie Comment se d\u00e9roule le suivi ? Une s\u00e9ance de graphop\u00e9dagogie ou r\u00e9\u00e9ducation de l&rsquo;\u00e9criture est un accompagnement personnalis\u00e9 pour aider \u00e0 am\u00e9liorer l\u2019\u00e9criture, qu\u2019il s\u2019agisse de la lisibilit\u00e9, de la fluidit\u00e9 ou du confort. Elle dure entre 45 minutes et 1 heure. Les plus jeunes &hellip; <a href=\"https:\/\/ecrireetplus.com\/?page_id=1931\" class=\"more-link\">Lire la suite <span class=\"screen-reader-text\">L&rsquo;accompagnement en graphop\u00e9dagogie<\/span><\/a><\/p>\n","protected":false},"author":2,"featured_media":0,"parent":0,"menu_order":0,"comment_status":"closed","ping_status":"open","template":"","meta":{"footnotes":""},"class_list":["post-1931","page","type-page","status-publish","hentry"],"yoast_head":"<!-- This site is optimized with the Yoast SEO plugin v27.4 - https:\/\/yoast.com\/product\/yoast-seo-wordpress\/ -->\n<title>L&#039;accompagnement en graphop\u00e9dagogie -<\/title>\n<meta name=\"description\" content=\"Accompagnement personnalis\u00e9 en graphop\u00e9dagogie pour am\u00e9liorer la lisibilit\u00e9, la fluidit\u00e9 et le confort de l\u2019\u00e9criture, avec suivi adapt\u00e9 aux besoins de chacun.\" \/>\n<meta name=\"robots\" content=\"index, follow, max-snippet:-1, max-image-preview:large, max-video-preview:-1\" \/>\n<link rel=\"canonical\" href=\"https:\/\/ecrireetplus.com\/?page_id=1931\" \/>\n<meta property=\"og:locale\" content=\"fr_FR\" \/>\n<meta property=\"og:type\" content=\"article\" \/>\n<meta property=\"og:title\" content=\"L&#039;accompagnement en graphop\u00e9dagogie -\" \/>\n<meta property=\"og:description\" content=\"Accompagnement personnalis\u00e9 en graphop\u00e9dagogie pour am\u00e9liorer la lisibilit\u00e9, la fluidit\u00e9 et le confort de l\u2019\u00e9criture, avec suivi adapt\u00e9 aux besoins de chacun.\" \/>\n<meta property=\"og:url\" content=\"https:\/\/ecrireetplus.com\/?page_id=1931\" \/>\n<meta property=\"article:publisher\" content=\"https:\/\/www.facebook.com\/EcrireEtPlus\" \/>\n<meta property=\"article:modified_time\" content=\"2026-03-30T15:53:52+00:00\" \/>\n<meta property=\"og:image\" content=\"https:\/\/ecrireetplus.com\/wp-content\/uploads\/2025\/08\/img_9989-scaled.jpg\" \/>\n\t<meta property=\"og:image:width\" content=\"1920\" \/>\n\t<meta property=\"og:image:height\" content=\"2560\" \/>\n\t<meta property=\"og:image:type\" content=\"image\/jpeg\" \/>\n<meta name=\"twitter:card\" content=\"summary_large_image\" \/>\n<meta name=\"twitter:label1\" content=\"Dur\u00e9e de lecture estim\u00e9e\" \/>\n\t<meta name=\"twitter:data1\" content=\"3 minutes\" \/>\n<script type=\"application\/ld+json\" class=\"yoast-schema-graph\">{\"@context\":\"https:\\\/\\\/schema.org\",\"@graph\":[{\"@type\":\"WebPage\",\"@id\":\"https:\\\/\\\/ecrireetplus.com\\\/?page_id=1931\",\"url\":\"https:\\\/\\\/ecrireetplus.com\\\/?page_id=1931\",\"name\":\"L'accompagnement en graphop\u00e9dagogie -\",\"isPartOf\":{\"@id\":\"https:\\\/\\\/ecrireetplus.com\\\/#website\"},\"primaryImageOfPage\":{\"@id\":\"https:\\\/\\\/ecrireetplus.com\\\/?page_id=1931#primaryimage\"},\"image\":{\"@id\":\"https:\\\/\\\/ecrireetplus.com\\\/?page_id=1931#primaryimage\"},\"thumbnailUrl\":\"http:\\\/\\\/ecrireetplus.com\\\/wp-content\\\/uploads\\\/2025\\\/08\\\/monstre-copie-1.jpeg?w=685\",\"datePublished\":\"2024-10-01T08:56:03+00:00\",\"dateModified\":\"2026-03-30T15:53:52+00:00\",\"description\":\"Accompagnement personnalis\u00e9 en graphop\u00e9dagogie pour am\u00e9liorer la lisibilit\u00e9, la fluidit\u00e9 et le confort de l\u2019\u00e9criture, avec suivi adapt\u00e9 aux besoins de chacun.\",\"breadcrumb\":{\"@id\":\"https:\\\/\\\/ecrireetplus.com\\\/?page_id=1931#breadcrumb\"},\"inLanguage\":\"fr-FR\",\"potentialAction\":[{\"@type\":\"ReadAction\",\"target\":[\"https:\\\/\\\/ecrireetplus.com\\\/?page_id=1931\"]}]},{\"@type\":\"ImageObject\",\"inLanguage\":\"fr-FR\",\"@id\":\"https:\\\/\\\/ecrireetplus.com\\\/?page_id=1931#primaryimage\",\"url\":\"https:\\\/\\\/ecrireetplus.com\\\/wp-content\\\/uploads\\\/2025\\\/08\\\/img_9989-scaled.jpg\",\"contentUrl\":\"https:\\\/\\\/ecrireetplus.com\\\/wp-content\\\/uploads\\\/2025\\\/08\\\/img_9989-scaled.jpg\",\"width\":1920,\"height\":2560},{\"@type\":\"BreadcrumbList\",\"@id\":\"https:\\\/\\\/ecrireetplus.com\\\/?page_id=1931#breadcrumb\",\"itemListElement\":[{\"@type\":\"ListItem\",\"position\":1,\"name\":\"Home\",\"item\":\"https:\\\/\\\/ecrireetplus.com\\\/\"},{\"@type\":\"ListItem\",\"position\":2,\"name\":\"L&rsquo;accompagnement en graphop\u00e9dagogie\"}]},{\"@type\":\"WebSite\",\"@id\":\"https:\\\/\\\/ecrireetplus.com\\\/#website\",\"url\":\"https:\\\/\\\/ecrireetplus.com\\\/\",\"name\":\"EcrireEtPlus\",\"description\":\"\u00c9crire lisiblement, efficacement et sans douleur\",\"publisher\":{\"@id\":\"https:\\\/\\\/ecrireetplus.com\\\/#organization\"},\"potentialAction\":[{\"@type\":\"SearchAction\",\"target\":{\"@type\":\"EntryPoint\",\"urlTemplate\":\"https:\\\/\\\/ecrireetplus.com\\\/?s={search_term_string}\"},\"query-input\":{\"@type\":\"PropertyValueSpecification\",\"valueRequired\":true,\"valueName\":\"search_term_string\"}}],\"inLanguage\":\"fr-FR\"},{\"@type\":\"Organization\",\"@id\":\"https:\\\/\\\/ecrireetplus.com\\\/#organization\",\"name\":\"EcrireEtPlus\",\"url\":\"https:\\\/\\\/ecrireetplus.com\\\/\",\"logo\":{\"@type\":\"ImageObject\",\"inLanguage\":\"fr-FR\",\"@id\":\"https:\\\/\\\/ecrireetplus.com\\\/#\\\/schema\\\/logo\\\/image\\\/\",\"url\":\"https:\\\/\\\/ecrireetplus.com\\\/wp-content\\\/uploads\\\/2025\\\/08\\\/cropped-logo-ecrire-et-plus-2026-image.png\",\"contentUrl\":\"https:\\\/\\\/ecrireetplus.com\\\/wp-content\\\/uploads\\\/2025\\\/08\\\/cropped-logo-ecrire-et-plus-2026-image.png\",\"width\":488,\"height\":285,\"caption\":\"EcrireEtPlus\"},\"image\":{\"@id\":\"https:\\\/\\\/ecrireetplus.com\\\/#\\\/schema\\\/logo\\\/image\\\/\"},\"sameAs\":[\"https:\\\/\\\/www.facebook.com\\\/EcrireEtPlus\",\"https:\\\/\\\/www.instagram.com\\\/ecrireetplus\\\/\"]}]}<\/script>\n<!-- \/ Yoast SEO plugin. -->","yoast_head_json":{"title":"L'accompagnement en graphop\u00e9dagogie -","description":"Accompagnement personnalis\u00e9 en graphop\u00e9dagogie pour am\u00e9liorer la lisibilit\u00e9, la fluidit\u00e9 et le confort de l\u2019\u00e9criture, avec suivi adapt\u00e9 aux besoins de chacun.","robots":{"index":"index","follow":"follow","max-snippet":"max-snippet:-1","max-image-preview":"max-image-preview:large","max-video-preview":"max-video-preview:-1"},"canonical":"https:\/\/ecrireetplus.com\/?page_id=1931","og_locale":"fr_FR","og_type":"article","og_title":"L'accompagnement en graphop\u00e9dagogie -","og_description":"Accompagnement personnalis\u00e9 en graphop\u00e9dagogie pour am\u00e9liorer la lisibilit\u00e9, la fluidit\u00e9 et le confort de l\u2019\u00e9criture, avec suivi adapt\u00e9 aux besoins de chacun.","og_url":"https:\/\/ecrireetplus.com\/?page_id=1931","article_publisher":"https:\/\/www.facebook.com\/EcrireEtPlus","article_modified_time":"2026-03-30T15:53:52+00:00","og_image":[{"width":1920,"height":2560,"url":"https:\/\/ecrireetplus.com\/wp-content\/uploads\/2025\/08\/img_9989-scaled.jpg","type":"image\/jpeg"}],"twitter_card":"summary_large_image","twitter_misc":{"Dur\u00e9e de lecture estim\u00e9e":"3 minutes"},"schema":{"@context":"https:\/\/schema.org","@graph":[{"@type":"WebPage","@id":"https:\/\/ecrireetplus.com\/?page_id=1931","url":"https:\/\/ecrireetplus.com\/?page_id=1931","name":"L'accompagnement en graphop\u00e9dagogie -","isPartOf":{"@id":"https:\/\/ecrireetplus.com\/#website"},"primaryImageOfPage":{"@id":"https:\/\/ecrireetplus.com\/?page_id=1931#primaryimage"},"image":{"@id":"https:\/\/ecrireetplus.com\/?page_id=1931#primaryimage"},"thumbnailUrl":"http:\/\/ecrireetplus.com\/wp-content\/uploads\/2025\/08\/monstre-copie-1.jpeg?w=685","datePublished":"2024-10-01T08:56:03+00:00","dateModified":"2026-03-30T15:53:52+00:00","description":"Accompagnement personnalis\u00e9 en graphop\u00e9dagogie pour am\u00e9liorer la lisibilit\u00e9, la fluidit\u00e9 et le confort de l\u2019\u00e9criture, avec suivi adapt\u00e9 aux besoins de chacun.","breadcrumb":{"@id":"https:\/\/ecrireetplus.com\/?page_id=1931#breadcrumb"},"inLanguage":"fr-FR","potentialAction":[{"@type":"ReadAction","target":["https:\/\/ecrireetplus.com\/?page_id=1931"]}]},{"@type":"ImageObject","inLanguage":"fr-FR","@id":"https:\/\/ecrireetplus.com\/?page_id=1931#primaryimage","url":"https:\/\/ecrireetplus.com\/wp-content\/uploads\/2025\/08\/img_9989-scaled.jpg","contentUrl":"https:\/\/ecrireetplus.com\/wp-content\/uploads\/2025\/08\/img_9989-scaled.jpg","width":1920,"height":2560},{"@type":"BreadcrumbList","@id":"https:\/\/ecrireetplus.com\/?page_id=1931#breadcrumb","itemListElement":[{"@type":"ListItem","position":1,"name":"Home","item":"https:\/\/ecrireetplus.com\/"},{"@type":"ListItem","position":2,"name":"L&rsquo;accompagnement en graphop\u00e9dagogie"}]},{"@type":"WebSite","@id":"https:\/\/ecrireetplus.com\/#website","url":"https:\/\/ecrireetplus.com\/","name":"EcrireEtPlus","description":"\u00c9crire lisiblement, efficacement et sans douleur","publisher":{"@id":"https:\/\/ecrireetplus.com\/#organization"},"potentialAction":[{"@type":"SearchAction","target":{"@type":"EntryPoint","urlTemplate":"https:\/\/ecrireetplus.com\/?s={search_term_string}"},"query-input":{"@type":"PropertyValueSpecification","valueRequired":true,"valueName":"search_term_string"}}],"inLanguage":"fr-FR"},{"@type":"Organization","@id":"https:\/\/ecrireetplus.com\/#organization","name":"EcrireEtPlus","url":"https:\/\/ecrireetplus.com\/","logo":{"@type":"ImageObject","inLanguage":"fr-FR","@id":"https:\/\/ecrireetplus.com\/#\/schema\/logo\/image\/","url":"https:\/\/ecrireetplus.com\/wp-content\/uploads\/2025\/08\/cropped-logo-ecrire-et-plus-2026-image.png","contentUrl":"https:\/\/ecrireetplus.com\/wp-content\/uploads\/2025\/08\/cropped-logo-ecrire-et-plus-2026-image.png","width":488,"height":285,"caption":"EcrireEtPlus"},"image":{"@id":"https:\/\/ecrireetplus.com\/#\/schema\/logo\/image\/"},"sameAs":["https:\/\/www.facebook.com\/EcrireEtPlus","https:\/\/www.instagram.com\/ecrireetplus\/"]}]}},"jetpack_sharing_enabled":true,"jetpack_likes_enabled":true,"_links":{"self":[{"href":"https:\/\/ecrireetplus.com\/index.php?rest_route=\/wp\/v2\/pages\/1931","targetHints":{"allow":["GET"]}}],"collection":[{"href":"https:\/\/ecrireetplus.com\/index.php?rest_route=\/wp\/v2\/pages"}],"about":[{"href":"https:\/\/ecrireetplus.com\/index.php?rest_route=\/wp\/v2\/types\/page"}],"author":[{"embeddable":true,"href":"https:\/\/ecrireetplus.com\/index.php?rest_route=\/wp\/v2\/users\/2"}],"replies":[{"embeddable":true,"href":"https:\/\/ecrireetplus.com\/index.php?rest_route=%2Fwp%2Fv2%2Fcomments&post=1931"}],"version-history":[{"count":20,"href":"https:\/\/ecrireetplus.com\/index.php?rest_route=\/wp\/v2\/pages\/1931\/revisions"}],"predecessor-version":[{"id":2274,"href":"https:\/\/ecrireetplus.com\/index.php?rest_route=\/wp\/v2\/pages\/1931\/revisions\/2274"}],"wp:attachment":[{"href":"https:\/\/ecrireetplus.com\/index.php?rest_route=%2Fwp%2Fv2%2Fmedia&parent=1931"}],"curies":[{"name":"wp","href":"https:\/\/api.w.org\/{rel}","templated":true}]}}