{"id":1484,"date":"2024-11-12T13:49:27","date_gmt":"2024-11-12T13:49:27","guid":{"rendered":"https:\/\/miniature-maze-yfn.zipwp.dev\/?page_id=16"},"modified":"2026-02-13T09:21:55","modified_gmt":"2026-02-13T09:21:55","slug":"contactez-moi","status":"publish","type":"page","link":"https:\/\/ecrireetplus.com\/?page_id=1484","title":{"rendered":"Prendre Rendez-vous \u00e0 La Rochelle"},"content":{"rendered":"\n<p>Je re\u00e7ois \u00e0 mon cabinet \u00e0 La Rochelle. Vous pouvez prendre rendez-vous :<br>&#8211; via le formulaire de contact ci-dessous<br>&#8211; par t\u00e9l\u00e9phone au 06 87 22 17 37.<br><\/p>\n\n\n<div class=\"wp-block-jetpack-calendly calendly-style-inline\" id=\"calendly-block-1\"><\/div>","protected":false},"excerpt":{"rendered":"<p>Je re\u00e7ois \u00e0 mon cabinet \u00e0 La Rochelle. Vous pouvez prendre rendez-vous :&#8211; via le formulaire de contact ci-dessous&#8211; par t\u00e9l\u00e9phone au 06 87 22 17 37.<\/p>\n","protected":false},"author":2,"featured_media":0,"parent":0,"menu_order":0,"comment_status":"closed","ping_status":"closed","template":"","meta":{"footnotes":""},"class_list":["post-1484","page","type-page","status-publish","hentry"],"yoast_head":"<!-- This site is optimized with the Yoast SEO plugin v27.4 - https:\/\/yoast.com\/product\/yoast-seo-wordpress\/ -->\n<title>Prendre Rendez-vous \u00e0 La Rochelle -<\/title>\n<meta name=\"robots\" content=\"index, follow, max-snippet:-1, max-image-preview:large, max-video-preview:-1\" \/>\n<link rel=\"canonical\" href=\"https:\/\/ecrireetplus.com\/?page_id=1484\" \/>\n<meta property=\"og:locale\" content=\"fr_FR\" \/>\n<meta property=\"og:type\" content=\"article\" \/>\n<meta property=\"og:title\" content=\"Prendre Rendez-vous \u00e0 La Rochelle -\" \/>\n<meta property=\"og:description\" content=\"Je re\u00e7ois \u00e0 mon cabinet \u00e0 La Rochelle. Vous pouvez prendre rendez-vous :&#8211; via le formulaire de contact ci-dessous&#8211; par t\u00e9l\u00e9phone au 06 87 22 17 37.\" \/>\n<meta property=\"og:url\" content=\"https:\/\/ecrireetplus.com\/?page_id=1484\" \/>\n<meta property=\"article:publisher\" content=\"https:\/\/www.facebook.com\/EcrireEtPlus\" \/>\n<meta property=\"article:modified_time\" content=\"2026-02-13T09:21:55+00:00\" \/>\n<meta name=\"twitter:card\" content=\"summary_large_image\" \/>\n<meta name=\"twitter:label1\" content=\"Dur\u00e9e de lecture estim\u00e9e\" \/>\n\t<meta name=\"twitter:data1\" content=\"1 minute\" \/>\n<script type=\"application\/ld+json\" class=\"yoast-schema-graph\">{\"@context\":\"https:\\\/\\\/schema.org\",\"@graph\":[{\"@type\":\"WebPage\",\"@id\":\"https:\\\/\\\/ecrireetplus.com\\\/?page_id=1484\",\"url\":\"https:\\\/\\\/ecrireetplus.com\\\/?page_id=1484\",\"name\":\"Prendre Rendez-vous \u00e0 La Rochelle -\",\"isPartOf\":{\"@id\":\"https:\\\/\\\/ecrireetplus.com\\\/#website\"},\"datePublished\":\"2024-11-12T13:49:27+00:00\",\"dateModified\":\"2026-02-13T09:21:55+00:00\",\"breadcrumb\":{\"@id\":\"https:\\\/\\\/ecrireetplus.com\\\/?page_id=1484#breadcrumb\"},\"inLanguage\":\"fr-FR\",\"potentialAction\":[{\"@type\":\"ReadAction\",\"target\":[\"https:\\\/\\\/ecrireetplus.com\\\/?page_id=1484\"]}]},{\"@type\":\"BreadcrumbList\",\"@id\":\"https:\\\/\\\/ecrireetplus.com\\\/?page_id=1484#breadcrumb\",\"itemListElement\":[{\"@type\":\"ListItem\",\"position\":1,\"name\":\"Home\",\"item\":\"https:\\\/\\\/ecrireetplus.com\\\/\"},{\"@type\":\"ListItem\",\"position\":2,\"name\":\"Prendre Rendez-vous \u00e0 La Rochelle\"}]},{\"@type\":\"WebSite\",\"@id\":\"https:\\\/\\\/ecrireetplus.com\\\/#website\",\"url\":\"https:\\\/\\\/ecrireetplus.com\\\/\",\"name\":\"EcrireEtPlus\",\"description\":\"\u00c9crire lisiblement, efficacement et sans douleur\",\"publisher\":{\"@id\":\"https:\\\/\\\/ecrireetplus.com\\\/#organization\"},\"potentialAction\":[{\"@type\":\"SearchAction\",\"target\":{\"@type\":\"EntryPoint\",\"urlTemplate\":\"https:\\\/\\\/ecrireetplus.com\\\/?s={search_term_string}\"},\"query-input\":{\"@type\":\"PropertyValueSpecification\",\"valueRequired\":true,\"valueName\":\"search_term_string\"}}],\"inLanguage\":\"fr-FR\"},{\"@type\":\"Organization\",\"@id\":\"https:\\\/\\\/ecrireetplus.com\\\/#organization\",\"name\":\"EcrireEtPlus\",\"url\":\"https:\\\/\\\/ecrireetplus.com\\\/\",\"logo\":{\"@type\":\"ImageObject\",\"inLanguage\":\"fr-FR\",\"@id\":\"https:\\\/\\\/ecrireetplus.com\\\/#\\\/schema\\\/logo\\\/image\\\/\",\"url\":\"https:\\\/\\\/ecrireetplus.com\\\/wp-content\\\/uploads\\\/2025\\\/08\\\/cropped-logo-ecrire-et-plus-2026-image.png\",\"contentUrl\":\"https:\\\/\\\/ecrireetplus.com\\\/wp-content\\\/uploads\\\/2025\\\/08\\\/cropped-logo-ecrire-et-plus-2026-image.png\",\"width\":488,\"height\":285,\"caption\":\"EcrireEtPlus\"},\"image\":{\"@id\":\"https:\\\/\\\/ecrireetplus.com\\\/#\\\/schema\\\/logo\\\/image\\\/\"},\"sameAs\":[\"https:\\\/\\\/www.facebook.com\\\/EcrireEtPlus\",\"https:\\\/\\\/www.instagram.com\\\/ecrireetplus\\\/\"]}]}<\/script>\n<!-- \/ Yoast SEO plugin. -->","yoast_head_json":{"title":"Prendre Rendez-vous \u00e0 La Rochelle -","robots":{"index":"index","follow":"follow","max-snippet":"max-snippet:-1","max-image-preview":"max-image-preview:large","max-video-preview":"max-video-preview:-1"},"canonical":"https:\/\/ecrireetplus.com\/?page_id=1484","og_locale":"fr_FR","og_type":"article","og_title":"Prendre Rendez-vous \u00e0 La Rochelle -","og_description":"Je re\u00e7ois \u00e0 mon cabinet \u00e0 La Rochelle. Vous pouvez prendre rendez-vous :&#8211; via le formulaire de contact ci-dessous&#8211; par t\u00e9l\u00e9phone au 06 87 22 17 37.","og_url":"https:\/\/ecrireetplus.com\/?page_id=1484","article_publisher":"https:\/\/www.facebook.com\/EcrireEtPlus","article_modified_time":"2026-02-13T09:21:55+00:00","twitter_card":"summary_large_image","twitter_misc":{"Dur\u00e9e de lecture estim\u00e9e":"1 minute"},"schema":{"@context":"https:\/\/schema.org","@graph":[{"@type":"WebPage","@id":"https:\/\/ecrireetplus.com\/?page_id=1484","url":"https:\/\/ecrireetplus.com\/?page_id=1484","name":"Prendre Rendez-vous \u00e0 La Rochelle -","isPartOf":{"@id":"https:\/\/ecrireetplus.com\/#website"},"datePublished":"2024-11-12T13:49:27+00:00","dateModified":"2026-02-13T09:21:55+00:00","breadcrumb":{"@id":"https:\/\/ecrireetplus.com\/?page_id=1484#breadcrumb"},"inLanguage":"fr-FR","potentialAction":[{"@type":"ReadAction","target":["https:\/\/ecrireetplus.com\/?page_id=1484"]}]},{"@type":"BreadcrumbList","@id":"https:\/\/ecrireetplus.com\/?page_id=1484#breadcrumb","itemListElement":[{"@type":"ListItem","position":1,"name":"Home","item":"https:\/\/ecrireetplus.com\/"},{"@type":"ListItem","position":2,"name":"Prendre Rendez-vous \u00e0 La Rochelle"}]},{"@type":"WebSite","@id":"https:\/\/ecrireetplus.com\/#website","url":"https:\/\/ecrireetplus.com\/","name":"EcrireEtPlus","description":"\u00c9crire lisiblement, efficacement et sans douleur","publisher":{"@id":"https:\/\/ecrireetplus.com\/#organization"},"potentialAction":[{"@type":"SearchAction","target":{"@type":"EntryPoint","urlTemplate":"https:\/\/ecrireetplus.com\/?s={search_term_string}"},"query-input":{"@type":"PropertyValueSpecification","valueRequired":true,"valueName":"search_term_string"}}],"inLanguage":"fr-FR"},{"@type":"Organization","@id":"https:\/\/ecrireetplus.com\/#organization","name":"EcrireEtPlus","url":"https:\/\/ecrireetplus.com\/","logo":{"@type":"ImageObject","inLanguage":"fr-FR","@id":"https:\/\/ecrireetplus.com\/#\/schema\/logo\/image\/","url":"https:\/\/ecrireetplus.com\/wp-content\/uploads\/2025\/08\/cropped-logo-ecrire-et-plus-2026-image.png","contentUrl":"https:\/\/ecrireetplus.com\/wp-content\/uploads\/2025\/08\/cropped-logo-ecrire-et-plus-2026-image.png","width":488,"height":285,"caption":"EcrireEtPlus"},"image":{"@id":"https:\/\/ecrireetplus.com\/#\/schema\/logo\/image\/"},"sameAs":["https:\/\/www.facebook.com\/EcrireEtPlus","https:\/\/www.instagram.com\/ecrireetplus\/"]}]}},"jetpack_sharing_enabled":true,"jetpack_likes_enabled":true,"_links":{"self":[{"href":"https:\/\/ecrireetplus.com\/index.php?rest_route=\/wp\/v2\/pages\/1484","targetHints":{"allow":["GET"]}}],"collection":[{"href":"https:\/\/ecrireetplus.com\/index.php?rest_route=\/wp\/v2\/pages"}],"about":[{"href":"https:\/\/ecrireetplus.com\/index.php?rest_route=\/wp\/v2\/types\/page"}],"author":[{"embeddable":true,"href":"https:\/\/ecrireetplus.com\/index.php?rest_route=\/wp\/v2\/users\/2"}],"replies":[{"embeddable":true,"href":"https:\/\/ecrireetplus.com\/index.php?rest_route=%2Fwp%2Fv2%2Fcomments&post=1484"}],"version-history":[{"count":10,"href":"https:\/\/ecrireetplus.com\/index.php?rest_route=\/wp\/v2\/pages\/1484\/revisions"}],"predecessor-version":[{"id":2248,"href":"https:\/\/ecrireetplus.com\/index.php?rest_route=\/wp\/v2\/pages\/1484\/revisions\/2248"}],"wp:attachment":[{"href":"https:\/\/ecrireetplus.com\/index.php?rest_route=%2Fwp%2Fv2%2Fmedia&parent=1484"}],"curies":[{"name":"wp","href":"https:\/\/api.w.org\/{rel}","templated":true}]}}