{"id":1482,"date":"2024-11-12T13:49:27","date_gmt":"2024-11-12T13:49:27","guid":{"rendered":"https:\/\/miniature-maze-yfn.zipwp.dev\/?page_id=12"},"modified":"2026-01-26T13:17:50","modified_gmt":"2026-01-26T13:17:50","slug":"a-propos-de-moi","status":"publish","type":"page","link":"https:\/\/ecrireetplus.com\/?page_id=1482","title":{"rendered":"\u00c0 propos de moi"},"content":{"rendered":"<div class=\"wp-block-image\">\n<figure class=\"aligncenter size-large is-resized\" id=\"a-propos\"><img decoding=\"async\" src=\"http:\/\/ecrireetplus.com\/wp-content\/uploads\/2025\/08\/img_9968-1.jpg?w=685\" alt=\"Son certificat d'exercice fi\u00e8rement affich\u00e9 dans son lumineux bureau, Carole Poirier s'int\u00e9resse au parcours et aux difficult\u00e9s li\u00e9es \u00e0 l'\u00e9criture, la grammaire ou l'orthographe que rencontrent ses \u00e9l\u00e8ves. Elle propose des essais de stylos et d'outils scripteurs vari\u00e9s. \" class=\"wp-image-1884\" style=\"aspect-ratio:0.7696709585121603;width:299px;height:auto\"\/><\/figure>\n<\/div>\n\n\n<p class=\"has-text-align-justify has-montserrat-font-family\" style=\"font-size:18px\"><strong>Sp\u00e9cialiste de la r\u00e9\u00e9ducation de l&rsquo;\u00e9criture et de la langue \u00e9crite<\/strong>, j\u2019ai fond\u00e9&nbsp;<strong>\u00c9crire et Plus<\/strong>&nbsp;pour redonner confiance et bien-\u00eatre \u00e0 chacun gr\u00e2ce au geste manuscrit. J\u2019accompagne les enfants, les adolescents et les adultes dans l\u2019apprentissage ou le&nbsp;<strong>r\u00e9apprentissage de l\u2019\u00e9criture<\/strong>, afin de transformer une t\u00e2che parfois p\u00e9nible en un v\u00e9ritable moment de plaisir.<\/p>\n\n\n\n<h2 class=\"wp-block-heading has-text-color has-link-color wp-elements-8969d59a6eb0aefcbac605423100acf4\" style=\"color:#6408b9;font-size:22px;text-transform:none\">Une expertise p\u00e9dagogique au service de votre geste d&rsquo;\u00e9criture<\/h2>\n\n\n\n<p>Je m\u2019appelle&nbsp;<strong>Carole Poirier<\/strong>&nbsp;et j\u2019enseigne depuis plus de vingt ans. Mon parcours m&rsquo;a men\u00e9e \u00e0 accompagner des publics aux besoins vari\u00e9s : <\/p>\n\n\n\n<ul class=\"wp-block-list\">\n<li style=\"font-style:normal;font-weight:300\"><strong>\u00c9tudiants et adultes<\/strong>&nbsp;en formation ou en reconversion professionnelle souhaitant am\u00e9liorer leur graphie.<\/li>\n\n\n\n<li><strong>Enfants et \u00e9coliers<\/strong>&nbsp;rencontrant des difficult\u00e9s de lisibilit\u00e9 ou de soin.<\/li>\n\n\n\n<li><strong>Coll\u00e9giens et lyc\u00e9ens<\/strong>&nbsp;souffrant de lenteur ou de douleurs lors de la prise de notes.<\/li>\n<\/ul>\n\n\n\n<h2 class=\"wp-block-heading has-text-color has-link-color wp-elements-b2e097d4b96915067ae285320a6154b3\" style=\"color:#6408b9;font-size:22px;text-transform:none\">Un accompagnement personnalis\u00e9 en graphop\u00e9dagogie<\/h2>\n\n\n\n<p>Forte de plusieurs ann\u00e9es dans l\u2019<strong>enseignement adapt\u00e9<\/strong>, j\u2019ai d\u00e9velopp\u00e9 une expertise unique dans la personnalisation des approches p\u00e9dagogiques. Que vous fassiez face \u00e0 une&nbsp;<strong>dysgraphie<\/strong>, une fatigue musculaire ou un manque de confiance, je r\u00e9ponds aux besoins sp\u00e9cifiques de chaque main pour restaurer l&rsquo;aisance et la fluidit\u00e9.<\/p>\n\n\n\n<p class=\"has-text-align-justify has-montserrat-font-family\" style=\"font-size:18px\">Bilingue&nbsp;<strong>fran\u00e7ais \u2013 anglais<\/strong>, je peux proposer un accompagnement \u00e9largi, ouvert sur les deux langues.<\/p>\n\n\n\n<h2 class=\"wp-block-heading has-text-color has-link-color wp-elements-dd138271980c564f3807cddd4552cd0d\" style=\"color:#6408b9;font-size:22px;text-transform:none\">Form\u00e9e au sein de l\u2019<a href=\"https:\/\/ecrireetplus.com\/?page_id=1483\">Association 5E<\/a><\/h2>\n\n\n\n<p class=\"has-text-align-justify has-montserrat-font-family\" style=\"font-size:18px\">J\u2019ai re\u00e7u un double savoir-faire&nbsp;:<br>\u270d\ud83c\udffd La <strong><a href=\"https:\/\/fr.wikipedia.org\/wiki\/Graphop\u00e9dagogie\">graphop\u00e9dagogie<\/a><\/strong>, pour aider petits et grands \u00e0 ma\u00eetriser ou retrouver un geste d\u2019\u00e9criture fluide et efficace ; <br>\ud83d\udcdd La <strong><a href=\"https:\/\/www.association5e.fr\/page\/3011618-la-pedagogie-de-la-langue-ecrite\">P\u00e9dagogie de la Langue \u00c9crite<\/a><\/strong>, afin de soutenir la compr\u00e9hension, l\u2019orthographe et la grammaire de la langue fran\u00e7aise<\/p>\n\n\n\n<p class=\"has-text-align-justify has-montserrat-font-family\" style=\"font-size:18px\">Au cabinet&nbsp;<strong>\u00c9crire et plus<\/strong>, je mets \u00e0 disposition mon exp\u00e9rience et mes comp\u00e9tences pour offrir un accompagnement bienveillant, adapt\u00e9 et motivant, au service de l\u2019\u00e9panouissement et de la r\u00e9ussite de chacun.<\/p>\n\n\n\n<h2 class=\"wp-block-heading has-text-color has-link-color has-nunito-font-family wp-elements-8c818fa9a3933285836aa702aed6bb1d\" style=\"color:#6408b9;font-size:22px;text-transform:none\">Pour toute question :<\/h2>\n\n\n<div class=\"wp-block-jetpack-contact-form is-layout-flex wp-container-jetpack-contact-form-is-layout-faa3ad1c wp-block-jetpack-contact-form-is-layout-flex\"><a href=\"https:\/\/ecrireetplus.com\/?page_id=1482\" target=\"_blank\" rel=\"noopener noreferrer\">Soumettre un formulaire.<\/a><\/div>\n\n\n<p><\/p>\n","protected":false},"excerpt":{"rendered":"<p>Sp\u00e9cialiste de la r\u00e9\u00e9ducation de l&rsquo;\u00e9criture et de la langue \u00e9crite, j\u2019ai fond\u00e9&nbsp;\u00c9crire et Plus&nbsp;pour redonner confiance et bien-\u00eatre \u00e0 chacun gr\u00e2ce au geste manuscrit. J\u2019accompagne les enfants, les adolescents et les adultes dans l\u2019apprentissage ou le&nbsp;r\u00e9apprentissage de l\u2019\u00e9criture, afin de transformer une t\u00e2che parfois p\u00e9nible en un v\u00e9ritable moment de plaisir. Une expertise p\u00e9dagogique &hellip; <a href=\"https:\/\/ecrireetplus.com\/?page_id=1482\" class=\"more-link\">Lire la suite <span class=\"screen-reader-text\">\u00c0 propos de moi<\/span><\/a><\/p>\n","protected":false},"author":2,"featured_media":0,"parent":0,"menu_order":0,"comment_status":"closed","ping_status":"closed","template":"","meta":{"footnotes":""},"class_list":["post-1482","page","type-page","status-publish","hentry"],"yoast_head":"<!-- This site is optimized with the Yoast SEO plugin v27.4 - https:\/\/yoast.com\/product\/yoast-seo-wordpress\/ -->\n<title>\u00c0 propos de moi -<\/title>\n<meta name=\"description\" content=\"Sp\u00e9cialiste de l&#039;\u00e9criture manuscrite et de la Langue \u00c9crite, Carole Poirier vous re\u00e7oit dans son cabinet lumineux et accueillant.\" \/>\n<meta name=\"robots\" content=\"index, follow, max-snippet:-1, max-image-preview:large, max-video-preview:-1\" \/>\n<link rel=\"canonical\" href=\"https:\/\/ecrireetplus.com\/?page_id=1482\" \/>\n<meta property=\"og:locale\" content=\"fr_FR\" \/>\n<meta property=\"og:type\" content=\"article\" \/>\n<meta property=\"og:title\" content=\"\u00c0 propos de moi -\" \/>\n<meta property=\"og:description\" content=\"Sp\u00e9cialiste de l&#039;\u00e9criture manuscrite et de la Langue \u00c9crite, Carole Poirier vous re\u00e7oit dans son cabinet lumineux et accueillant.\" \/>\n<meta property=\"og:url\" content=\"https:\/\/ecrireetplus.com\/?page_id=1482\" \/>\n<meta property=\"article:publisher\" content=\"https:\/\/www.facebook.com\/EcrireEtPlus\" \/>\n<meta property=\"article:modified_time\" content=\"2026-01-26T13:17:50+00:00\" \/>\n<meta property=\"og:image\" content=\"https:\/\/ecrireetplus.com\/wp-content\/uploads\/2025\/08\/img_9968-scaled.jpg\" \/>\n\t<meta property=\"og:image:width\" content=\"1968\" \/>\n\t<meta property=\"og:image:height\" content=\"2560\" \/>\n\t<meta property=\"og:image:type\" content=\"image\/jpeg\" \/>\n<meta name=\"twitter:card\" content=\"summary_large_image\" \/>\n<meta name=\"twitter:label1\" content=\"Dur\u00e9e de lecture estim\u00e9e\" \/>\n\t<meta name=\"twitter:data1\" content=\"2 minutes\" \/>\n<script type=\"application\/ld+json\" class=\"yoast-schema-graph\">{\"@context\":\"https:\\\/\\\/schema.org\",\"@graph\":[{\"@type\":[\"WebPage\",\"AboutPage\"],\"@id\":\"https:\\\/\\\/ecrireetplus.com\\\/?page_id=1482\",\"url\":\"https:\\\/\\\/ecrireetplus.com\\\/?page_id=1482\",\"name\":\"\u00c0 propos de moi -\",\"isPartOf\":{\"@id\":\"https:\\\/\\\/ecrireetplus.com\\\/#website\"},\"primaryImageOfPage\":{\"@id\":\"https:\\\/\\\/ecrireetplus.com\\\/?page_id=1482#primaryimage\"},\"image\":{\"@id\":\"https:\\\/\\\/ecrireetplus.com\\\/?page_id=1482#primaryimage\"},\"thumbnailUrl\":\"http:\\\/\\\/ecrireetplus.com\\\/wp-content\\\/uploads\\\/2025\\\/08\\\/img_9968-1.jpg?w=685\",\"datePublished\":\"2024-11-12T13:49:27+00:00\",\"dateModified\":\"2026-01-26T13:17:50+00:00\",\"description\":\"Sp\u00e9cialiste de l'\u00e9criture manuscrite et de la Langue \u00c9crite, Carole Poirier vous re\u00e7oit dans son cabinet lumineux et accueillant.\",\"breadcrumb\":{\"@id\":\"https:\\\/\\\/ecrireetplus.com\\\/?page_id=1482#breadcrumb\"},\"inLanguage\":\"fr-FR\",\"potentialAction\":[{\"@type\":\"ReadAction\",\"target\":[\"https:\\\/\\\/ecrireetplus.com\\\/?page_id=1482\"]}]},{\"@type\":\"ImageObject\",\"inLanguage\":\"fr-FR\",\"@id\":\"https:\\\/\\\/ecrireetplus.com\\\/?page_id=1482#primaryimage\",\"url\":\"https:\\\/\\\/ecrireetplus.com\\\/wp-content\\\/uploads\\\/2025\\\/08\\\/img_9968-scaled.jpg\",\"contentUrl\":\"https:\\\/\\\/ecrireetplus.com\\\/wp-content\\\/uploads\\\/2025\\\/08\\\/img_9968-scaled.jpg\",\"width\":1968,\"height\":2560},{\"@type\":\"BreadcrumbList\",\"@id\":\"https:\\\/\\\/ecrireetplus.com\\\/?page_id=1482#breadcrumb\",\"itemListElement\":[{\"@type\":\"ListItem\",\"position\":1,\"name\":\"Home\",\"item\":\"https:\\\/\\\/ecrireetplus.com\\\/\"},{\"@type\":\"ListItem\",\"position\":2,\"name\":\"\u00c0 propos\"}]},{\"@type\":\"WebSite\",\"@id\":\"https:\\\/\\\/ecrireetplus.com\\\/#website\",\"url\":\"https:\\\/\\\/ecrireetplus.com\\\/\",\"name\":\"EcrireEtPlus\",\"description\":\"\u00c9crire lisiblement, efficacement et sans douleur\",\"publisher\":{\"@id\":\"https:\\\/\\\/ecrireetplus.com\\\/#organization\"},\"potentialAction\":[{\"@type\":\"SearchAction\",\"target\":{\"@type\":\"EntryPoint\",\"urlTemplate\":\"https:\\\/\\\/ecrireetplus.com\\\/?s={search_term_string}\"},\"query-input\":{\"@type\":\"PropertyValueSpecification\",\"valueRequired\":true,\"valueName\":\"search_term_string\"}}],\"inLanguage\":\"fr-FR\"},{\"@type\":\"Organization\",\"@id\":\"https:\\\/\\\/ecrireetplus.com\\\/#organization\",\"name\":\"EcrireEtPlus\",\"url\":\"https:\\\/\\\/ecrireetplus.com\\\/\",\"logo\":{\"@type\":\"ImageObject\",\"inLanguage\":\"fr-FR\",\"@id\":\"https:\\\/\\\/ecrireetplus.com\\\/#\\\/schema\\\/logo\\\/image\\\/\",\"url\":\"https:\\\/\\\/ecrireetplus.com\\\/wp-content\\\/uploads\\\/2025\\\/08\\\/cropped-logo-ecrire-et-plus-2026-image.png\",\"contentUrl\":\"https:\\\/\\\/ecrireetplus.com\\\/wp-content\\\/uploads\\\/2025\\\/08\\\/cropped-logo-ecrire-et-plus-2026-image.png\",\"width\":488,\"height\":285,\"caption\":\"EcrireEtPlus\"},\"image\":{\"@id\":\"https:\\\/\\\/ecrireetplus.com\\\/#\\\/schema\\\/logo\\\/image\\\/\"},\"sameAs\":[\"https:\\\/\\\/www.facebook.com\\\/EcrireEtPlus\",\"https:\\\/\\\/www.instagram.com\\\/ecrireetplus\\\/\"]}]}<\/script>\n<!-- \/ Yoast SEO plugin. -->","yoast_head_json":{"title":"\u00c0 propos de moi -","description":"Sp\u00e9cialiste de l'\u00e9criture manuscrite et de la Langue \u00c9crite, Carole Poirier vous re\u00e7oit dans son cabinet lumineux et accueillant.","robots":{"index":"index","follow":"follow","max-snippet":"max-snippet:-1","max-image-preview":"max-image-preview:large","max-video-preview":"max-video-preview:-1"},"canonical":"https:\/\/ecrireetplus.com\/?page_id=1482","og_locale":"fr_FR","og_type":"article","og_title":"\u00c0 propos de moi -","og_description":"Sp\u00e9cialiste de l'\u00e9criture manuscrite et de la Langue \u00c9crite, Carole Poirier vous re\u00e7oit dans son cabinet lumineux et accueillant.","og_url":"https:\/\/ecrireetplus.com\/?page_id=1482","article_publisher":"https:\/\/www.facebook.com\/EcrireEtPlus","article_modified_time":"2026-01-26T13:17:50+00:00","og_image":[{"width":1968,"height":2560,"url":"https:\/\/ecrireetplus.com\/wp-content\/uploads\/2025\/08\/img_9968-scaled.jpg","type":"image\/jpeg"}],"twitter_card":"summary_large_image","twitter_misc":{"Dur\u00e9e de lecture estim\u00e9e":"2 minutes"},"schema":{"@context":"https:\/\/schema.org","@graph":[{"@type":["WebPage","AboutPage"],"@id":"https:\/\/ecrireetplus.com\/?page_id=1482","url":"https:\/\/ecrireetplus.com\/?page_id=1482","name":"\u00c0 propos de moi -","isPartOf":{"@id":"https:\/\/ecrireetplus.com\/#website"},"primaryImageOfPage":{"@id":"https:\/\/ecrireetplus.com\/?page_id=1482#primaryimage"},"image":{"@id":"https:\/\/ecrireetplus.com\/?page_id=1482#primaryimage"},"thumbnailUrl":"http:\/\/ecrireetplus.com\/wp-content\/uploads\/2025\/08\/img_9968-1.jpg?w=685","datePublished":"2024-11-12T13:49:27+00:00","dateModified":"2026-01-26T13:17:50+00:00","description":"Sp\u00e9cialiste de l'\u00e9criture manuscrite et de la Langue \u00c9crite, Carole Poirier vous re\u00e7oit dans son cabinet lumineux et accueillant.","breadcrumb":{"@id":"https:\/\/ecrireetplus.com\/?page_id=1482#breadcrumb"},"inLanguage":"fr-FR","potentialAction":[{"@type":"ReadAction","target":["https:\/\/ecrireetplus.com\/?page_id=1482"]}]},{"@type":"ImageObject","inLanguage":"fr-FR","@id":"https:\/\/ecrireetplus.com\/?page_id=1482#primaryimage","url":"https:\/\/ecrireetplus.com\/wp-content\/uploads\/2025\/08\/img_9968-scaled.jpg","contentUrl":"https:\/\/ecrireetplus.com\/wp-content\/uploads\/2025\/08\/img_9968-scaled.jpg","width":1968,"height":2560},{"@type":"BreadcrumbList","@id":"https:\/\/ecrireetplus.com\/?page_id=1482#breadcrumb","itemListElement":[{"@type":"ListItem","position":1,"name":"Home","item":"https:\/\/ecrireetplus.com\/"},{"@type":"ListItem","position":2,"name":"\u00c0 propos"}]},{"@type":"WebSite","@id":"https:\/\/ecrireetplus.com\/#website","url":"https:\/\/ecrireetplus.com\/","name":"EcrireEtPlus","description":"\u00c9crire lisiblement, efficacement et sans douleur","publisher":{"@id":"https:\/\/ecrireetplus.com\/#organization"},"potentialAction":[{"@type":"SearchAction","target":{"@type":"EntryPoint","urlTemplate":"https:\/\/ecrireetplus.com\/?s={search_term_string}"},"query-input":{"@type":"PropertyValueSpecification","valueRequired":true,"valueName":"search_term_string"}}],"inLanguage":"fr-FR"},{"@type":"Organization","@id":"https:\/\/ecrireetplus.com\/#organization","name":"EcrireEtPlus","url":"https:\/\/ecrireetplus.com\/","logo":{"@type":"ImageObject","inLanguage":"fr-FR","@id":"https:\/\/ecrireetplus.com\/#\/schema\/logo\/image\/","url":"https:\/\/ecrireetplus.com\/wp-content\/uploads\/2025\/08\/cropped-logo-ecrire-et-plus-2026-image.png","contentUrl":"https:\/\/ecrireetplus.com\/wp-content\/uploads\/2025\/08\/cropped-logo-ecrire-et-plus-2026-image.png","width":488,"height":285,"caption":"EcrireEtPlus"},"image":{"@id":"https:\/\/ecrireetplus.com\/#\/schema\/logo\/image\/"},"sameAs":["https:\/\/www.facebook.com\/EcrireEtPlus","https:\/\/www.instagram.com\/ecrireetplus\/"]}]}},"jetpack_sharing_enabled":true,"jetpack_likes_enabled":true,"_links":{"self":[{"href":"https:\/\/ecrireetplus.com\/index.php?rest_route=\/wp\/v2\/pages\/1482","targetHints":{"allow":["GET"]}}],"collection":[{"href":"https:\/\/ecrireetplus.com\/index.php?rest_route=\/wp\/v2\/pages"}],"about":[{"href":"https:\/\/ecrireetplus.com\/index.php?rest_route=\/wp\/v2\/types\/page"}],"author":[{"embeddable":true,"href":"https:\/\/ecrireetplus.com\/index.php?rest_route=\/wp\/v2\/users\/2"}],"replies":[{"embeddable":true,"href":"https:\/\/ecrireetplus.com\/index.php?rest_route=%2Fwp%2Fv2%2Fcomments&post=1482"}],"version-history":[{"count":13,"href":"https:\/\/ecrireetplus.com\/index.php?rest_route=\/wp\/v2\/pages\/1482\/revisions"}],"predecessor-version":[{"id":2177,"href":"https:\/\/ecrireetplus.com\/index.php?rest_route=\/wp\/v2\/pages\/1482\/revisions\/2177"}],"wp:attachment":[{"href":"https:\/\/ecrireetplus.com\/index.php?rest_route=%2Fwp%2Fv2%2Fmedia&parent=1482"}],"curies":[{"name":"wp","href":"https:\/\/api.w.org\/{rel}","templated":true}]}}