{"id":1480,"date":"2024-11-12T13:49:26","date_gmt":"2024-11-12T13:49:26","guid":{"rendered":"https:\/\/miniature-maze-yfn.zipwp.dev\/?page_id=9"},"modified":"2026-01-26T13:21:24","modified_gmt":"2026-01-26T13:21:24","slug":"home","status":"publish","type":"page","link":"https:\/\/ecrireetplus.com\/","title":{"rendered":"Le plaisir d&rsquo;\u00e9crire"},"content":{"rendered":"\n<blockquote class=\"wp-block-quote alignfull has-text-align-center has-text-color has-background has-link-color has-cabin-font-family wp-elements-7ef21d9b3e16c8c5c9e18ba2c693b73c is-layout-flow wp-block-quote-is-layout-flow\" style=\"color:#69acee;background-color:#06c0a524\">\n<p>R\u00e9-apprenez \u00e0 \u00e9crire<\/p>\n<\/blockquote>\n\n\n<div class=\"wp-block-image is-style-rounded\">\n<figure class=\"aligncenter size-large is-resized\"><img loading=\"lazy\" decoding=\"async\" width=\"768\" height=\"1024\" src=\"http:\/\/ecrireetplus.com\/wp-content\/uploads\/2025\/08\/vh_s4phrase-copie-768x1024.jpeg\" alt=\"Gros plan sur une main tenant un crayon \u00e0 papier triangulaire \u00e9crivant sur une feuille Seyes sugg\u00e9rant un entra\u00eenement \u00e0 l'\u00e9criture manuscrite. La feuille est bien align\u00e9e avec l'avant-bras de la main scriptrice ; la main non scriptrice maintient la feuille en haut.\" class=\"wp-image-1967\" style=\"aspect-ratio:1;object-fit:cover;width:350px;height:auto\" title=\"l'mage illustre le travail effectu\u00e9 en s\u00e9ance individuelle\" srcset=\"https:\/\/ecrireetplus.com\/wp-content\/uploads\/2025\/08\/vh_s4phrase-copie-768x1024.jpeg 768w, https:\/\/ecrireetplus.com\/wp-content\/uploads\/2025\/08\/vh_s4phrase-copie-225x300.jpeg 225w, https:\/\/ecrireetplus.com\/wp-content\/uploads\/2025\/08\/vh_s4phrase-copie-1152x1536.jpeg 1152w, https:\/\/ecrireetplus.com\/wp-content\/uploads\/2025\/08\/vh_s4phrase-copie-1536x2048.jpeg 1536w, https:\/\/ecrireetplus.com\/wp-content\/uploads\/2025\/08\/vh_s4phrase-copie-scaled.jpeg 1920w\" sizes=\"auto, (max-width: 768px) 100vw, 768px\" \/><\/figure>\n<\/div>\n\n\n<h2 class=\"wp-block-heading has-text-align-left has-text-color has-link-color has-nunito-font-family wp-elements-ee5e5d89cea2db61c5246a6cca7d0620\" style=\"color:#6408b9;font-size:22px\"> <em>\u00c9crire et plus <\/em>avec plaisir<\/h2>\n\n\n\n<p class=\"has-text-align-justify has-montserrat-font-family\" style=\"font-size:18px;line-height:1.9\">Ce qui me distingue des autres acteurs de la p\u00e9dagogie de l&rsquo;\u00e9criture et comment je peux vous accompagner :<br>\u2705 Une m\u00e9thode \u00e9prouv\u00e9e<br>\u2705 Des supports adapt\u00e9s \u00e0 chaque \u00e9l\u00e8ve<br>\u2705 Un suivi personnalis\u00e9 et r\u00e9gulier<\/p>\n\n\n\n<div class=\"wp-block-buttons is-layout-flex wp-block-buttons-is-layout-flex\">\n<div class=\"wp-block-button\"><a class=\"wp-block-button__link has-white-color has-vivid-purple-background-color has-text-color has-background has-link-color has-custom-font-size wp-element-button\" href=\"https:\/\/ecrireetplus.com\/?page_id=1484\" style=\"font-size:16px\">Prendre rendez-vous<\/a><\/div>\n<\/div>\n\n\n\n\n\n<h2 class=\"wp-block-heading has-text-align-left has-text-color has-link-color has-nunito-font-family wp-elements-411a935f7d21e95d9c7824c83d429288\" style=\"color:#6408b9;font-size:22px;text-transform:none\">Mes services<\/h2>\n\n\n\n<p class=\"has-text-align-justify has-montserrat-font-family\" style=\"font-size:18px;line-height:1.8\">\u2705 Cours particuliers \u00e0 mon cabinet pour (r\u00e9)apprendre le geste d&rsquo;\u00e9criture. <br>\u2705 Cours particuliers de rem\u00e9diation en orthographe, conjugaison et grammaire.<br>\u2705 Ateliers collectifs adapt\u00e9s aux besoins sp\u00e9cifiques d&rsquo;un public sp\u00e9cifique (en biblioth\u00e8que et m\u00e9diath\u00e8que, en EHPAD ou en structure d&rsquo;accueil par exemple).<br>\u2705 Conf\u00e9rences aupr\u00e8s des professionnels de l&rsquo;enseignement (enseignants, AESH, personnels d&rsquo;encadrement)<br>\u2705 Conf\u00e9rences aupr\u00e8s des familles ou d&rsquo;associations pour les aider \u00e0 mieux guider les enfants dans l&rsquo;acquisition d&rsquo;une \u00e9criture lisible, fluide et confortable.<\/p>\n\n\n\n<div class=\"wp-block-buttons is-layout-flex wp-block-buttons-is-layout-flex\">\n<div class=\"wp-block-button\"><a class=\"wp-block-button__link has-white-color has-vivid-purple-background-color has-text-color has-background has-link-color has-custom-font-size wp-element-button\" href=\"https:\/\/ecrireetplus.com\/?page_id=1484\" style=\"font-size:16px\">Prendre rendez-vous<\/a><\/div>\n<\/div>\n\n\n\n\n\n<h2 class=\"wp-block-heading has-text-align-left has-text-color has-link-color has-nunito-font-family wp-elements-fc027bb03f69acaed615a7860ddf0ebf\" style=\"color:#6408b9;font-size:22px;text-transform:none\">Mon expertise<\/h2>\n\n\n\n<p class=\"has-text-align-justify has-montserrat-font-family\" style=\"font-size:18px;line-height:1.8\">\u2705   Une approche bienveillante<br>\u2705   Des supports personnalis\u00e9s<br>\u2705   Des r\u00e9sultats concrets<\/p>\n\n\n\n<figure class=\"wp-block-image size-large\" id=\"plaisir-\u00e9crire-pour-tous\"><img loading=\"lazy\" decoding=\"async\" width=\"2452\" height=\"730\" src=\"http:\/\/ecrireetplus.com\/wp-content\/uploads\/2025\/08\/capture-decran-2025-08-31-a-21.13.14.png?w=1024\" alt=\"\u00c9chantillon d'\u00e9criture avant r\u00e9\u00e9ducation. \u00c9chantillon d'\u00e9criture apr\u00e8s r\u00e9\u00e9ducation. Exemple de dipl\u00f4me d\u00e9cern\u00e9 \u00e0 un \u00e9l\u00e8ve qui a d\u00e9clar\u00e9 &quot;J'aime comme j'\u00e9cris&quot; en fin de suivi.\" class=\"wp-image-1917\" title=\"cette image illustre les r\u00e9sultats obtenus gr\u00e2ce \u00e0 al m\u00e9thode efficace de graphop\u00e9dagogie.\" srcset=\"https:\/\/ecrireetplus.com\/wp-content\/uploads\/2025\/08\/capture-decran-2025-08-31-a-21.13.14.png 2452w, https:\/\/ecrireetplus.com\/wp-content\/uploads\/2025\/08\/capture-decran-2025-08-31-a-21.13.14-300x89.png 300w, https:\/\/ecrireetplus.com\/wp-content\/uploads\/2025\/08\/capture-decran-2025-08-31-a-21.13.14-1024x305.png 1024w, https:\/\/ecrireetplus.com\/wp-content\/uploads\/2025\/08\/capture-decran-2025-08-31-a-21.13.14-768x229.png 768w, https:\/\/ecrireetplus.com\/wp-content\/uploads\/2025\/08\/capture-decran-2025-08-31-a-21.13.14-1536x457.png 1536w, https:\/\/ecrireetplus.com\/wp-content\/uploads\/2025\/08\/capture-decran-2025-08-31-a-21.13.14-2048x610.png 2048w\" sizes=\"auto, (max-width: 2452px) 100vw, 2452px\" \/><\/figure>\n\n\n\n<div class=\"wp-block-buttons is-layout-flex wp-block-buttons-is-layout-flex\">\n<div class=\"wp-block-button\"><a class=\"wp-block-button__link has-white-color has-vivid-purple-background-color has-text-color has-background has-link-color has-custom-font-size wp-element-button\" href=\"https:\/\/ecrireetplus.com\/?page_id=1484\" style=\"font-size:16px\">Prendre rendez-vous<\/a><\/div>\n<\/div>\n\n\n\n\n\n<p><\/p>\n","protected":false},"excerpt":{"rendered":"<p>R\u00e9-apprenez \u00e0 \u00e9crire \u00c9crire et plus avec plaisir Ce qui me distingue des autres acteurs de la p\u00e9dagogie de l&rsquo;\u00e9criture et comment je peux vous accompagner :\u2705 Une m\u00e9thode \u00e9prouv\u00e9e\u2705 Des supports adapt\u00e9s \u00e0 chaque \u00e9l\u00e8ve\u2705 Un suivi personnalis\u00e9 et r\u00e9gulier Mes services \u2705 Cours particuliers \u00e0 mon cabinet pour (r\u00e9)apprendre le geste d&rsquo;\u00e9criture. \u2705 &hellip; <a href=\"https:\/\/ecrireetplus.com\/\" class=\"more-link\">Lire la suite <span class=\"screen-reader-text\">Le plaisir d&rsquo;\u00e9crire<\/span><\/a><\/p>\n","protected":false},"author":2,"featured_media":0,"parent":0,"menu_order":0,"comment_status":"closed","ping_status":"closed","template":"","meta":{"footnotes":""},"class_list":["post-1480","page","type-page","status-publish","hentry"],"yoast_head":"<!-- This site is optimized with the Yoast SEO plugin v27.4 - https:\/\/yoast.com\/product\/yoast-seo-wordpress\/ -->\n<title>Le plaisir d&#039;\u00e9crire -<\/title>\n<meta name=\"description\" content=\"La graphop\u00e9dagogie permet de retrouver le plaisir d&#039;\u00e9crire gr\u00e2ce \u00e0 un accompagnement personnalis\u00e9 et des entra\u00eenements quotidiens.\" \/>\n<meta name=\"robots\" content=\"index, follow, max-snippet:-1, max-image-preview:large, max-video-preview:-1\" \/>\n<link rel=\"canonical\" href=\"https:\/\/ecrireetplus.com\/\" \/>\n<meta property=\"og:locale\" content=\"fr_FR\" \/>\n<meta property=\"og:type\" content=\"article\" \/>\n<meta property=\"og:title\" content=\"Le plaisir d&#039;\u00e9crire -\" \/>\n<meta property=\"og:description\" content=\"La graphop\u00e9dagogie permet de retrouver le plaisir d&#039;\u00e9crire gr\u00e2ce \u00e0 un accompagnement personnalis\u00e9 et des entra\u00eenements quotidiens.\" \/>\n<meta property=\"og:url\" content=\"https:\/\/ecrireetplus.com\/\" \/>\n<meta property=\"article:publisher\" content=\"https:\/\/www.facebook.com\/EcrireEtPlus\" \/>\n<meta property=\"article:modified_time\" content=\"2026-01-26T13:21:24+00:00\" \/>\n<meta property=\"og:image\" content=\"https:\/\/ecrireetplus.com\/wp-content\/uploads\/2025\/08\/vh_s4phrase-copie-scaled.jpeg\" \/>\n\t<meta property=\"og:image:width\" content=\"1920\" \/>\n\t<meta property=\"og:image:height\" content=\"2560\" \/>\n\t<meta property=\"og:image:type\" content=\"image\/jpeg\" \/>\n<meta name=\"twitter:card\" content=\"summary_large_image\" \/>\n<meta name=\"twitter:label1\" content=\"Dur\u00e9e de lecture estim\u00e9e\" \/>\n\t<meta name=\"twitter:data1\" content=\"2 minutes\" \/>\n<script type=\"application\/ld+json\" class=\"yoast-schema-graph\">{\"@context\":\"https:\\\/\\\/schema.org\",\"@graph\":[{\"@type\":\"WebPage\",\"@id\":\"https:\\\/\\\/ecrireetplus.com\\\/\",\"url\":\"https:\\\/\\\/ecrireetplus.com\\\/\",\"name\":\"Le plaisir d'\u00e9crire -\",\"isPartOf\":{\"@id\":\"https:\\\/\\\/ecrireetplus.com\\\/#website\"},\"primaryImageOfPage\":{\"@id\":\"https:\\\/\\\/ecrireetplus.com\\\/#primaryimage\"},\"image\":{\"@id\":\"https:\\\/\\\/ecrireetplus.com\\\/#primaryimage\"},\"thumbnailUrl\":\"http:\\\/\\\/ecrireetplus.com\\\/wp-content\\\/uploads\\\/2025\\\/08\\\/vh_s4phrase-copie-768x1024.jpeg\",\"datePublished\":\"2024-11-12T13:49:26+00:00\",\"dateModified\":\"2026-01-26T13:21:24+00:00\",\"description\":\"La graphop\u00e9dagogie permet de retrouver le plaisir d'\u00e9crire gr\u00e2ce \u00e0 un accompagnement personnalis\u00e9 et des entra\u00eenements quotidiens.\",\"breadcrumb\":{\"@id\":\"https:\\\/\\\/ecrireetplus.com\\\/#breadcrumb\"},\"inLanguage\":\"fr-FR\",\"potentialAction\":[{\"@type\":\"ReadAction\",\"target\":[\"https:\\\/\\\/ecrireetplus.com\\\/\"]}]},{\"@type\":\"ImageObject\",\"inLanguage\":\"fr-FR\",\"@id\":\"https:\\\/\\\/ecrireetplus.com\\\/#primaryimage\",\"url\":\"https:\\\/\\\/ecrireetplus.com\\\/wp-content\\\/uploads\\\/2025\\\/08\\\/vh_s4phrase-copie-scaled.jpeg\",\"contentUrl\":\"https:\\\/\\\/ecrireetplus.com\\\/wp-content\\\/uploads\\\/2025\\\/08\\\/vh_s4phrase-copie-scaled.jpeg\",\"width\":1920,\"height\":2560,\"caption\":\"strat\u00e9gies de copie\"},{\"@type\":\"BreadcrumbList\",\"@id\":\"https:\\\/\\\/ecrireetplus.com\\\/#breadcrumb\",\"itemListElement\":[{\"@type\":\"ListItem\",\"position\":1,\"name\":\"Home\",\"item\":\"https:\\\/\\\/ecrireetplus.com\\\/\"},{\"@type\":\"ListItem\",\"position\":2,\"name\":\"Le plaisir d&rsquo;\u00e9crire\"}]},{\"@type\":\"WebSite\",\"@id\":\"https:\\\/\\\/ecrireetplus.com\\\/#website\",\"url\":\"https:\\\/\\\/ecrireetplus.com\\\/\",\"name\":\"EcrireEtPlus\",\"description\":\"\u00c9crire lisiblement, efficacement et sans douleur\",\"publisher\":{\"@id\":\"https:\\\/\\\/ecrireetplus.com\\\/#organization\"},\"potentialAction\":[{\"@type\":\"SearchAction\",\"target\":{\"@type\":\"EntryPoint\",\"urlTemplate\":\"https:\\\/\\\/ecrireetplus.com\\\/?s={search_term_string}\"},\"query-input\":{\"@type\":\"PropertyValueSpecification\",\"valueRequired\":true,\"valueName\":\"search_term_string\"}}],\"inLanguage\":\"fr-FR\"},{\"@type\":\"Organization\",\"@id\":\"https:\\\/\\\/ecrireetplus.com\\\/#organization\",\"name\":\"EcrireEtPlus\",\"url\":\"https:\\\/\\\/ecrireetplus.com\\\/\",\"logo\":{\"@type\":\"ImageObject\",\"inLanguage\":\"fr-FR\",\"@id\":\"https:\\\/\\\/ecrireetplus.com\\\/#\\\/schema\\\/logo\\\/image\\\/\",\"url\":\"https:\\\/\\\/ecrireetplus.com\\\/wp-content\\\/uploads\\\/2025\\\/08\\\/cropped-logo-ecrire-et-plus-2026-image.png\",\"contentUrl\":\"https:\\\/\\\/ecrireetplus.com\\\/wp-content\\\/uploads\\\/2025\\\/08\\\/cropped-logo-ecrire-et-plus-2026-image.png\",\"width\":488,\"height\":285,\"caption\":\"EcrireEtPlus\"},\"image\":{\"@id\":\"https:\\\/\\\/ecrireetplus.com\\\/#\\\/schema\\\/logo\\\/image\\\/\"},\"sameAs\":[\"https:\\\/\\\/www.facebook.com\\\/EcrireEtPlus\",\"https:\\\/\\\/www.instagram.com\\\/ecrireetplus\\\/\"]}]}<\/script>\n<!-- \/ Yoast SEO plugin. -->","yoast_head_json":{"title":"Le plaisir d'\u00e9crire -","description":"La graphop\u00e9dagogie permet de retrouver le plaisir d'\u00e9crire gr\u00e2ce \u00e0 un accompagnement personnalis\u00e9 et des entra\u00eenements quotidiens.","robots":{"index":"index","follow":"follow","max-snippet":"max-snippet:-1","max-image-preview":"max-image-preview:large","max-video-preview":"max-video-preview:-1"},"canonical":"https:\/\/ecrireetplus.com\/","og_locale":"fr_FR","og_type":"article","og_title":"Le plaisir d'\u00e9crire -","og_description":"La graphop\u00e9dagogie permet de retrouver le plaisir d'\u00e9crire gr\u00e2ce \u00e0 un accompagnement personnalis\u00e9 et des entra\u00eenements quotidiens.","og_url":"https:\/\/ecrireetplus.com\/","article_publisher":"https:\/\/www.facebook.com\/EcrireEtPlus","article_modified_time":"2026-01-26T13:21:24+00:00","og_image":[{"width":1920,"height":2560,"url":"https:\/\/ecrireetplus.com\/wp-content\/uploads\/2025\/08\/vh_s4phrase-copie-scaled.jpeg","type":"image\/jpeg"}],"twitter_card":"summary_large_image","twitter_misc":{"Dur\u00e9e de lecture estim\u00e9e":"2 minutes"},"schema":{"@context":"https:\/\/schema.org","@graph":[{"@type":"WebPage","@id":"https:\/\/ecrireetplus.com\/","url":"https:\/\/ecrireetplus.com\/","name":"Le plaisir d'\u00e9crire -","isPartOf":{"@id":"https:\/\/ecrireetplus.com\/#website"},"primaryImageOfPage":{"@id":"https:\/\/ecrireetplus.com\/#primaryimage"},"image":{"@id":"https:\/\/ecrireetplus.com\/#primaryimage"},"thumbnailUrl":"http:\/\/ecrireetplus.com\/wp-content\/uploads\/2025\/08\/vh_s4phrase-copie-768x1024.jpeg","datePublished":"2024-11-12T13:49:26+00:00","dateModified":"2026-01-26T13:21:24+00:00","description":"La graphop\u00e9dagogie permet de retrouver le plaisir d'\u00e9crire gr\u00e2ce \u00e0 un accompagnement personnalis\u00e9 et des entra\u00eenements quotidiens.","breadcrumb":{"@id":"https:\/\/ecrireetplus.com\/#breadcrumb"},"inLanguage":"fr-FR","potentialAction":[{"@type":"ReadAction","target":["https:\/\/ecrireetplus.com\/"]}]},{"@type":"ImageObject","inLanguage":"fr-FR","@id":"https:\/\/ecrireetplus.com\/#primaryimage","url":"https:\/\/ecrireetplus.com\/wp-content\/uploads\/2025\/08\/vh_s4phrase-copie-scaled.jpeg","contentUrl":"https:\/\/ecrireetplus.com\/wp-content\/uploads\/2025\/08\/vh_s4phrase-copie-scaled.jpeg","width":1920,"height":2560,"caption":"strat\u00e9gies de copie"},{"@type":"BreadcrumbList","@id":"https:\/\/ecrireetplus.com\/#breadcrumb","itemListElement":[{"@type":"ListItem","position":1,"name":"Home","item":"https:\/\/ecrireetplus.com\/"},{"@type":"ListItem","position":2,"name":"Le plaisir d&rsquo;\u00e9crire"}]},{"@type":"WebSite","@id":"https:\/\/ecrireetplus.com\/#website","url":"https:\/\/ecrireetplus.com\/","name":"EcrireEtPlus","description":"\u00c9crire lisiblement, efficacement et sans douleur","publisher":{"@id":"https:\/\/ecrireetplus.com\/#organization"},"potentialAction":[{"@type":"SearchAction","target":{"@type":"EntryPoint","urlTemplate":"https:\/\/ecrireetplus.com\/?s={search_term_string}"},"query-input":{"@type":"PropertyValueSpecification","valueRequired":true,"valueName":"search_term_string"}}],"inLanguage":"fr-FR"},{"@type":"Organization","@id":"https:\/\/ecrireetplus.com\/#organization","name":"EcrireEtPlus","url":"https:\/\/ecrireetplus.com\/","logo":{"@type":"ImageObject","inLanguage":"fr-FR","@id":"https:\/\/ecrireetplus.com\/#\/schema\/logo\/image\/","url":"https:\/\/ecrireetplus.com\/wp-content\/uploads\/2025\/08\/cropped-logo-ecrire-et-plus-2026-image.png","contentUrl":"https:\/\/ecrireetplus.com\/wp-content\/uploads\/2025\/08\/cropped-logo-ecrire-et-plus-2026-image.png","width":488,"height":285,"caption":"EcrireEtPlus"},"image":{"@id":"https:\/\/ecrireetplus.com\/#\/schema\/logo\/image\/"},"sameAs":["https:\/\/www.facebook.com\/EcrireEtPlus","https:\/\/www.instagram.com\/ecrireetplus\/"]}]}},"jetpack_sharing_enabled":true,"jetpack_likes_enabled":true,"_links":{"self":[{"href":"https:\/\/ecrireetplus.com\/index.php?rest_route=\/wp\/v2\/pages\/1480","targetHints":{"allow":["GET"]}}],"collection":[{"href":"https:\/\/ecrireetplus.com\/index.php?rest_route=\/wp\/v2\/pages"}],"about":[{"href":"https:\/\/ecrireetplus.com\/index.php?rest_route=\/wp\/v2\/types\/page"}],"author":[{"embeddable":true,"href":"https:\/\/ecrireetplus.com\/index.php?rest_route=\/wp\/v2\/users\/2"}],"replies":[{"embeddable":true,"href":"https:\/\/ecrireetplus.com\/index.php?rest_route=%2Fwp%2Fv2%2Fcomments&post=1480"}],"version-history":[{"count":18,"href":"https:\/\/ecrireetplus.com\/index.php?rest_route=\/wp\/v2\/pages\/1480\/revisions"}],"predecessor-version":[{"id":2179,"href":"https:\/\/ecrireetplus.com\/index.php?rest_route=\/wp\/v2\/pages\/1480\/revisions\/2179"}],"wp:attachment":[{"href":"https:\/\/ecrireetplus.com\/index.php?rest_route=%2Fwp%2Fv2%2Fmedia&parent=1480"}],"curies":[{"name":"wp","href":"https:\/\/api.w.org\/{rel}","templated":true}]}}